{"id":28,"date":"2015-11-05T11:19:20","date_gmt":"2015-11-05T11:19:20","guid":{"rendered":"http:\/\/stefanlitwin.eu\/wp\/?page_id=28"},"modified":"2022-11-22T17:23:52","modified_gmt":"2022-11-22T17:23:52","slug":"kontakt","status":"publish","type":"page","link":"https:\/\/stefanlitwin.com\/en\/pianist\/kontakt\/","title":{"rendered":"Contact"},"content":{"rendered":"<div id=\"pl-28\"  class=\"panel-layout\" ><div id=\"pg-28-0\"  class=\"panel-grid panel-no-style\" ><div id=\"pgc-28-0-0\"  class=\"panel-grid-cell panel-grid-cell-empty\" ><\/div><\/div><div id=\"pg-28-1\"  class=\"panel-grid panel-no-style\" ><div id=\"pgc-28-1-0\"  class=\"panel-grid-cell\" ><div id=\"panel-28-1-0-0\" class=\"so-panel widget widget_black-studio-tinymce widget_black_studio_tinymce panel-first-child panel-last-child\" data-index=\"0\" ><h3 class=\"widget-title\">Contact Form<\/h3><div class=\"textwidget\"><hr \/>\n<p><div id=\"cscf\" class=\"cscfBlock\">\n    <div class=\"cscfMessageSent\" style=\"display:none;\">\n\t\t<h3>Nachricht gesendet<\/h3>\n<p>Thank you for your message, you will receive an answer as soon as possible. <\/p>    <\/div>\n    <div class=\"cscfMessageNotSent\" style=\"display:none;\">\n\t\t<p>\n    Sorry, there has been a problem and your message was not sent.<\/p>\n    <\/div>\n    <div class=\"cscfForm\">\n        <p><\/p>\n\n        <form role=\"form\" id=\"frmCSCF\" name=\"frmCSCF\" method=\"post\">\n\t\t\t<input type=\"hidden\" id=\"cscf_nonce\" name=\"cscf_nonce\" value=\"6db4c26735\" \/><input type=\"hidden\" name=\"_wp_http_referer\" value=\"\/en\/wp-json\/wp\/v2\/pages\/28\" \/>            <input type=\"hidden\" name=\"post-id\" value=\"28\">\n\n\t\t\t\n            <!-- name -->\n            <div class=\"control-group form-group\">\n                <label for=\"cscf_name\">Name:<\/label>\n\n\n                <div class=\"\">\n\t\t\t\t\t                    <input class=\"form-control input-xlarge\"\n                           data-rule-required=\"true\"\n                           data-msg-required=\"Please give your name.\"\n                           type=\"text\" id=\"cscf_name\" name=\"cscf[name]\"\n                           value=\"\"\n                           placeholder=\"Your Name\"\n                    \/>\n                <\/div>\n                <span for=\"cscf_name\" class=\"help-inline help-block error\"\n                      style=\"display:none;\">\n\n                                    <\/span>\n            <\/div>\n\n\n            <!--email address-->\n            <div class=\"control-group form-group\">\n                <label for=\"cscf_email\">Email Address:<\/label>\n\n                <div class=\"\">\n\t\t\t\t\t                    <input class=\"form-control input-xlarge\"\n                           data-rule-required=\"true\"\n                           data-rule-email=\"true\"\n                           data-msg-required=\"Please give your email address.\"\n                           data-msg-email=\"Please enter a valid email address.\"\n                           type=\"email\" id=\"cscf_email\" name=\"cscf[email]\"\n                           value=\"\"\n                           placeholder=\"Your Email Address\"\n                    \/>\n                <\/div>\n                <span for=\"cscf_email\" class=\"help-inline help-block error\"\n                      style=\"display:none;\">\n                                    <\/span>\n            <\/div>\n\n\t\t\t                <!--confirm email address -->\n                <div class=\"control-group form-group\">\n                    <label for=\"cscf_confirm-email\">Confirm Email Address:<\/label>\n                    <div class=\"\">\n\t\t\t\t\t\t                        <input class=\"form-control input-xlarge\"\n                               data-rule-required=\"true\"\n                               data-rule-email=\"true\"\n                               data-rule-equalTo=\"#cscf_email\"\n                               data-msg-required=\"Please enter the same email address again.\"\n                               data-msg-email=\"Please enter a valid email address.\"\n                               data-msg-equalTo=\"Please enter the same email address again.\"\n                               type=\"email\" id=\"cscf_confirm-email\" name=\"cscf[confirm-email]\"\n                               value=\"\"\n                               placeholder=\"Confirm Your Email Address\"\n                        \/>\n                    <\/div>\n                    <span for=\"cscf_confirm-email\" class=\"help-inline help-block error\"\n                          style=\"display:none;\">\n                                    <\/span>\n                <\/div>\n\t\t\t\n\t\t\t\n\n            <!-- message -->\n            <div class=\"control-group form-group\">\n                <label for=\"cscf_message\">Message:<\/label>\n                <div class=\"\">\n\t\t\t\t\t                    <textarea class=\"form-control input-xlarge\"\n                              data-rule-required=\"true\"\n                              data-msg-required=\"Please give a message.\"\n                              id=\"cscf_message\" name=\"cscf[message]\" rows=\"10\"\n                              placeholder=\"Your Message\"><\/textarea>\n                <\/div>\n\n                <span for=\"cscf_message\" class=\"help-inline help-block error\"\n                      style=\"display:none;\">\n                                    <\/span>\n            <\/div>\n\n\t\t\t\n\n\n\t\t\t\n            <!-- recaptcha -->\n\t\t\t            <input type=\"submit\" id=\"cscf_SubmitButton\" class=\"btn btn-default\"\n                   value=\"Send Message\"\/>\n        <\/form>\n    <\/div>\n<\/div>\n<\/p>\n<\/div><\/div><\/div><div id=\"pgc-28-1-1\"  class=\"panel-grid-cell\" ><div id=\"panel-28-1-1-0\" class=\"so-panel widget widget_black-studio-tinymce widget_black_studio_tinymce panel-first-child panel-last-child\" data-index=\"1\" ><h3 class=\"widget-title\">Legal Info<\/h3><div class=\"textwidget\"><hr \/>\n<p>Responsible for the content<br \/>\nStefan Litwin<br \/>\nc\/o Hochschule f\u00fcr Musik Saar<br \/>\nBismarckstra\u00dfe 1<br \/>\n66111 Saarbr\u00fccken<\/p>\n<p>Design<br \/>\n<a href=\"http:\/\/www.printplusweb.de\/\">print+web<\/a> Bernd Kr\u00fcger<br \/>\nunder use of a WordPress-Theme by <a href=\"http:\/\/bavotasan.com\/\" target=\"_blank\" rel=\"noopener\">c.bavota<\/a><\/p>\n<p>Photos<br \/>\nKai Bienert<br \/>\nJohn Pollak<br \/>\nHans Joachim Zylla a.o.<\/p>\n<\/div><\/div><\/div><div id=\"pgc-28-1-2\"  class=\"panel-grid-cell\" ><div id=\"panel-28-1-2-0\" class=\"so-panel widget widget_black-studio-tinymce widget_black_studio_tinymce panel-first-child panel-last-child\" data-index=\"2\" ><h3 class=\"widget-title\">Data Privacy<\/h3><div class=\"textwidget\"><hr \/>\n<p>Personal data that you send by e-mail or contact form will only be collected in accordance with the regulations of the EU Data Protection Ordinance and will not be disclosed on to third parties. Your data will only be kept for as long as is necessary to process your request. You can request deletion at any time.<\/p>\n<p>The embedded videos on this site are hosted by Vimeo, Inc. Vimeo may use information about the retrieval. Privacy policy can be found here: <a href=\"https:\/\/vimeo.com\/privacy\">Vimeo<\/a><\/p>\n<p>This website does not use cookies for analysis or advertising purposes.<\/p>\n<p>For the contents and regulations for data protection of the linked internet pages here, only the respective providers are responsible.<\/p>\n<\/div><\/div><\/div><\/div><\/div>","protected":false},"excerpt":{"rendered":"<p class=\"excerpt\">Responsible for the content Stefan Litwin c\/o Hochschule f\u00fcr Musik Saar Bismarckstra\u00dfe 1 66111 Saarbr\u00fccken Design print+web Bernd Kr\u00fcger under use of a WordPress-Theme by c.bavota Photos Kai Bienert John Pollak Hans Joachim Zylla a.o. Personal data that you send by e-mail or contact form will only be collected in accordance with the regulations of the EU Data Protection Ordinance&hellip;<\/p>\n<p class=\"more-link-p\"><a class=\"btn btn-default\" href=\"https:\/\/stefanlitwin.com\/en\/pianist\/kontakt\/\">Read more<\/a><\/p>\n","protected":false},"author":1,"featured_media":0,"parent":7,"menu_order":0,"comment_status":"closed","ping_status":"closed","template":"","meta":[],"_links":{"self":[{"href":"https:\/\/stefanlitwin.com\/en\/wp-json\/wp\/v2\/pages\/28"}],"collection":[{"href":"https:\/\/stefanlitwin.com\/en\/wp-json\/wp\/v2\/pages"}],"about":[{"href":"https:\/\/stefanlitwin.com\/en\/wp-json\/wp\/v2\/types\/page"}],"author":[{"embeddable":true,"href":"https:\/\/stefanlitwin.com\/en\/wp-json\/wp\/v2\/users\/1"}],"replies":[{"embeddable":true,"href":"https:\/\/stefanlitwin.com\/en\/wp-json\/wp\/v2\/comments?post=28"}],"version-history":[{"count":58,"href":"https:\/\/stefanlitwin.com\/en\/wp-json\/wp\/v2\/pages\/28\/revisions"}],"predecessor-version":[{"id":1639,"href":"https:\/\/stefanlitwin.com\/en\/wp-json\/wp\/v2\/pages\/28\/revisions\/1639"}],"up":[{"embeddable":true,"href":"https:\/\/stefanlitwin.com\/en\/wp-json\/wp\/v2\/pages\/7"}],"wp:attachment":[{"href":"https:\/\/stefanlitwin.com\/en\/wp-json\/wp\/v2\/media?parent=28"}],"curies":[{"name":"wp","href":"https:\/\/api.w.org\/{rel}","templated":true}]}}