{"id":22,"date":"2015-11-05T11:15:55","date_gmt":"2015-11-05T11:15:55","guid":{"rendered":"http:\/\/stefanlitwin.eu\/wp\/?page_id=22"},"modified":"2025-07-15T11:19:18","modified_gmt":"2025-07-15T11:19:18","slug":"publikationen","status":"publish","type":"page","link":"https:\/\/stefanlitwin.com\/en\/pianist\/lehre\/publikationen\/","title":{"rendered":"Publications"},"content":{"rendered":"<div id=\"pl-22\"  class=\"panel-layout\" ><div id=\"pg-22-0\"  class=\"panel-grid panel-no-style\" ><div id=\"pgc-22-0-0\"  class=\"panel-grid-cell panel-grid-cell-empty\" ><\/div><\/div><div id=\"pg-22-1\"  class=\"panel-grid panel-no-style\" ><div id=\"pgc-22-1-0\"  class=\"panel-grid-cell\" ><div id=\"panel-22-1-0-0\" class=\"so-panel widget widget_black-studio-tinymce widget_black_studio_tinymce panel-first-child panel-last-child\" data-index=\"0\" ><h3 class=\"widget-title\">Texts and Conversation<\/h3><div class=\"textwidget\"><h4><img class=\"alignnone size-full wp-image-1647\" src=\"http:\/\/stefanlitwin.com\/wp-content\/uploads\/2025\/07\/als-ob-musik-s-litwin-buchtitel.jpg\" alt=\"\" width=\"260\" height=\"420\" \/><\/h4>\n<h4>...As If Music Could Change the World<br \/>\nStefan Litwin \u2013 Texts and Conversations<\/h4>\n<p>Stefan Litwin is a pianist, composer, and teacher. In his work, practice and reflection, action and contemplation come together. He questions music about its meaning and its contexts.<br \/>\nLitwin is the son of Jewish parents who, through luck and courage, escaped Hitler\u2019s henchmen. His complex transatlantic family history and his reflections on the roots of fascism, intolerance, and violence have shaped his political awareness and influenced both his repertoire and the themes of his compositions.<br \/>\nHe plays, composes, and writes about \u201ccommitted music,\u201d thereby opposing views that seek to declare \u201cthe political harmlessness of all artistic production.\u201d<\/p>\n<p>Edited by Rainer Peters<br \/>\nWolke Verlag 2024<br \/>\nISBN 978-3-95593-142-1<\/p>\n<hr \/>\n<p><img class=\"alignnone size-full wp-image-1350\" src=\"http:\/\/stefanlitwin.com\/wp-content\/uploads\/2019\/10\/Schoenberg-buch-262.jpg\" alt=\"\" width=\"262\" height=\"419\" \/><\/p>\n<h4>Musik als Geschichte - Geschichte als Musik<\/h4>\n<p>Arnold Sch\u00f6nbergs Klavierkonzert op. 42<\/p>\n<p>Angeregt durch einige scheinbar beil\u00e4ufige Notizen in den Entw\u00fcrfen zu Arnold Sch\u00f6nbergs Klavierkonzert op. 42 machte sich Stefan Litwin auf die Suche nach au\u00dfermusikalischen (Be)-Deutungen dieser Zw\u00f6lfton-Komposition.<br \/>\n\u00bbIch habe die Analyse gelesen und sie ist faszinierend.\u00ab <em>Nuria Schoenberg-Nono<\/em><\/p>\n<p>Wolke Verlag 2019<br \/>\n978-3-95593-304-3<\/p>\n<hr \/>\n<h4>\u00bb..., die H\u00f6lle aber nicht.\u00ab<br \/>\nStefan Litwin komponiet Imre Kert\u00e9sz<\/h4>\n<p>von Ferdinand Zehentreiter<br \/>\nin: \u00bbDas Gl\u00fcck des atonalen Erz\u00e4hlens\u00ab<br \/>\nStudien zu Imre Kert\u00e9sz,<br \/>\nEdition Azur, Dresden (2010)<\/p>\n<hr \/>\n<h4>\u00bbText, Musik, Szene\u00ab<\/h4>\n<p>Motive in Stefan Litwins Musiktheater \u00bbNacht mit G\u00e4sten\u00ab<br \/>\nvon Eva Behr<br \/>\nin: \u00bbBewegtes und Bewegendes\u00ab Der Motiv-Begriff in K\u00fcnsten und Wissenschaften<br \/>\nHerausgegeben von Hanns-Werner Heister und Hanjo Polk<br \/>\nWeidler Buchverlag, Berlin (2017)<\/p>\n<\/div><\/div><\/div><div id=\"pgc-22-1-1\"  class=\"panel-grid-cell\" ><div id=\"panel-22-1-1-0\" class=\"so-panel widget widget_black-studio-tinymce widget_black_studio_tinymce panel-first-child panel-last-child\" data-index=\"1\" ><h3 class=\"widget-title\">\u00bbEl Once\u00ab<\/h3><div class=\"textwidget\"><h4><img class=\"alignnone size-full wp-image-732\" src=\"http:\/\/stefanlitwin.com\/wp-content\/uploads\/2015\/11\/once_buch_web3.jpg\" alt=\"once_buch_web3\" width=\"262\" height=\"418\" \/><\/p>\n<p>Chile, September, 11th, 1973<\/h4>\n<p>Reflections on the 40th anniversary of the military coup against Salvador Allende<\/p>\n<p>40 years ago, on September 11, 1973, a bloody military coup ended the attempt of Salvador Allende's socialist government to create by democratic means a more just society in Chile. Years of terror followed, hundreds of thousands were forced into exile. In the meantime, the collective memory of September 11 has been occupied by the attacks in New York and Washington of 2001. Stefan Litwin reactivates the memory of the Chilean dramatic events with a new recording of Frederic Rzewski's legendary piano cycle \u00bbThe People United Will Never Be Defeated\u00ab and two of his own compositions. Prominent authors, among them Ernesto Cardenal, Eduardo Galeano, Carla Guelfenbein, Volker Braun und Adolf Muschg, have contributed hitherto unpublished texts.<\/p>\n<hr \/>\n<p>Book (176 p.) and 2 CDs<br \/>\npublished by Heike Hoffmann &amp;<br \/>\nMartin Schmidt<br \/>\nWith texts from Ernesto Cardenal, Eduardo Galeano, Carla Guelfenbein, Gonzalo Mill\u00e1n, Adolf Muschg,\u00a0Peter B. Schumann, Lutz Kliche,\u00a0Matthias Hoffmann, at al.<\/p>\n<hr \/>\n<p>CD 1<br \/>\nStefan Litwin, \u00bbEl Once\u00ab<br \/>\nf\u00fcr sprechenden Pianisten und Instrumente ad lib. (2013)<br \/>\n\u00bbAllende, 11. September 1973\u00ab<br \/>\nf\u00fcr Klarinette, Violoncello und sprechenden Pianisten (2004, rev. 2012)<\/p>\n<hr \/>\n<p>CD 2<br \/>\nFrederic Rzewski, \u00bbThe People United Will Never Be Defeated\u00ab<br \/>\n36 Variations on \u00bb\u00a1El pueblo unido jam\u00e1s ser\u00e1 vencido!\u00ab by Sergio Ortega (1975)<\/p>\n<hr \/>\n<p><a href=\"http:\/\/www.gligg-records.com\/\" target=\"_blank\">gligg records GmbH<\/a><br \/>\nISBN 978-3-944906-00<\/p>\n<p>Order<br \/>\n<a href=\"http:\/\/www.amazon.de\/Once-September-Reflexionen-Jahrestag-Milit%C3%A4rputsches\/dp\/3944906004\/?_encoding=UTF8&amp;camp=1638&amp;creative=6742&amp;keywords=stefan%20litwin&amp;linkCode=ur2&amp;qid=1379864943&amp;site-redirect=de&amp;sr=8-1&amp;tag=steflitw-21\" target=\"_blank\">amazon.de<\/a><\/p>\n<hr \/>\n<h4>Audio Clip<\/h4>\n<p><!--[if lt IE 9]><script>document.createElement('audio');<\/script><![endif]-->\n<audio class=\"wp-audio-shortcode\" id=\"audio-22-1\" preload=\"none\" style=\"width: 100%;\" controls=\"controls\"><source type=\"audio\/mpeg\" src=\"http:\/\/stefanlitwin.com\/wp-content\/uploads\/2015\/11\/litwin_allende_11_sep_1973_.mp3?_=1\" \/><a href=\"http:\/\/stefanlitwin.com\/wp-content\/uploads\/2015\/11\/litwin_allende_11_sep_1973_.mp3\">http:\/\/stefanlitwin.com\/wp-content\/uploads\/2015\/11\/litwin_allende_11_sep_1973_.mp3<\/a><\/audio><br \/>\n\u00bbAllende, 11. September 1973\u00ab<br \/>\nIb Hausmann: Klarinette, Helmut Menzler: Cello, Stefan Litwin: Piano + Sprecher \/ Narrator (ca. 19 min)<\/p>\n<\/div><\/div><\/div><div id=\"pgc-22-1-2\"  class=\"panel-grid-cell\" ><div id=\"panel-22-1-2-0\" class=\"so-panel widget widget_black-studio-tinymce widget_black_studio_tinymce panel-first-child panel-last-child\" data-index=\"2\" ><h3 class=\"widget-title\">Essays<\/h3><div class=\"textwidget\"><p><img class=\"alignnone size-full wp-image-1140\" src=\"http:\/\/stefanlitwin.com\/wp-content\/uploads\/2015\/11\/bewegtes-01.jpg\" alt=\"bewegtes-01\" width=\"262\" height=\"418\" \/><\/p>\n<h4>\u00bbKinderszenen. Notizen zu einer Aktualisierung\u00ab<\/h4>\n<p>Stefan Litwin im Gespr\u00e4ch mit Christoph Keller<br \/>\nin: \u00bbBewegtes und Bewegendes\u00ab Der Motiv-Begriff in K\u00fcnsten und Wissenschaften<br \/>\nHerausgegeben von Hanns-Werner Heister und Hanjo Polk<br \/>\nWeidler Buchverlag, Berlin (2017)<\/p>\n<hr \/>\n<h4>\u00bbDie kreative L\u00fccke\u00ab<\/h4>\n<p>in: \u00bbIn Ketten Tanzen\u00ab. \u00dcbersetzen als interpretierende Kunst.<br \/>\nHerausgegeben von Gabriele Leupold und Katharina Raabe,<br \/>\nWallstein Verlag (2008)<\/p>\n<hr \/>\n<h4>\u00bbAbschied von der Utopie?\u00ab<\/h4>\n<p>Zur Radikalit\u00e4t des Alters am Beispiel von Beethovens Klaviersonate op. 101<br \/>\nin: Radikalit\u00e4t des Alters, Prosa \u2013 Lyrik \u2013 Essay, Valerio (4\/2006)<\/p>\n<hr \/>\n<h4>\u00bbMusik als Geschichte \u2013<br \/>\nGeschichte als Musik\u00ab<\/h4>\n<p>Arnold Sch\u00f6nbergs Klavierkonzert op. 42<br \/>\nin: Dissonanz, Z\u00fcrich (2\/1999)<\/p>\n<hr \/>\n<h4>\u00bbZu Sinn, Form und Grenze der musikalischen Transkription\u00ab<\/h4>\n<p>in: Schnittpunkte, Pfau-Verlag (1998)<\/p>\n<hr \/>\n<h4>\u00bbZu Sch\u00f6nbergs Ode to Napoleon\u00ab<\/h4>\n<p>in: Musik-Konzepte 112\/113 (2001)<br \/>\nund in: Stil oder Gedanke?, Pfau-Verlag (1995)<\/p>\n<p><img class=\"alignnone size-full wp-image-352\" src=\"http:\/\/stefanlitwin.com\/wp-content\/uploads\/2015\/11\/edition.jpg\" alt=\"edition\" width=\"262\" height=\"418\" \/><\/p>\n<\/div><\/div><\/div><\/div><\/div>","protected":false},"excerpt":{"rendered":"<p class=\"excerpt\">&#8230;As If Music Could Change the World Stefan Litwin \u2013 Texts and Conversations Stefan Litwin is a pianist, composer, and teacher. In his work, practice and reflection, action and contemplation come together. He questions music about its meaning and its contexts. Litwin is the son of Jewish parents who, through luck and courage, escaped Hitler\u2019s henchmen. His complex transatlantic family&hellip;<\/p>\n<p class=\"more-link-p\"><a class=\"btn btn-default\" href=\"https:\/\/stefanlitwin.com\/en\/pianist\/lehre\/publikationen\/\">Read more<\/a><\/p>\n","protected":false},"author":1,"featured_media":0,"parent":20,"menu_order":0,"comment_status":"closed","ping_status":"closed","template":"","meta":[],"_links":{"self":[{"href":"https:\/\/stefanlitwin.com\/en\/wp-json\/wp\/v2\/pages\/22"}],"collection":[{"href":"https:\/\/stefanlitwin.com\/en\/wp-json\/wp\/v2\/pages"}],"about":[{"href":"https:\/\/stefanlitwin.com\/en\/wp-json\/wp\/v2\/types\/page"}],"author":[{"embeddable":true,"href":"https:\/\/stefanlitwin.com\/en\/wp-json\/wp\/v2\/users\/1"}],"replies":[{"embeddable":true,"href":"https:\/\/stefanlitwin.com\/en\/wp-json\/wp\/v2\/comments?post=22"}],"version-history":[{"count":66,"href":"https:\/\/stefanlitwin.com\/en\/wp-json\/wp\/v2\/pages\/22\/revisions"}],"predecessor-version":[{"id":1661,"href":"https:\/\/stefanlitwin.com\/en\/wp-json\/wp\/v2\/pages\/22\/revisions\/1661"}],"up":[{"embeddable":true,"href":"https:\/\/stefanlitwin.com\/en\/wp-json\/wp\/v2\/pages\/20"}],"wp:attachment":[{"href":"https:\/\/stefanlitwin.com\/en\/wp-json\/wp\/v2\/media?parent=22"}],"curies":[{"name":"wp","href":"https:\/\/api.w.org\/{rel}","templated":true}]}}